{"id":40,"date":"2014-07-07T19:00:40","date_gmt":"2014-07-07T17:00:40","guid":{"rendered":"http:\/\/nicolekochheim.de\/?page_id=40"},"modified":"2026-02-10T14:24:26","modified_gmt":"2026-02-10T12:24:26","slug":"40-2","status":"publish","type":"page","link":"https:\/\/nicolekochheim.de\/","title":{"rendered":"HOME"},"content":{"rendered":"\n<h1 class=\"wp-block-heading has-text-align-center\">HERZLICH WILLKOMMEN<\/h1>\n\n\n\n<p class=\"has-text-align-center\" style=\"margin-top:var(--wp--preset--spacing--20);margin-bottom:var(--wp--preset--spacing--20)\">Mein Name ist Nicole Kochheim und ich bin freie K\u00fcnstlerin in Hamburg. Ich arbeite mit Acryl und Aquarell.<br><br>Die Acrylbilder sind abstrakt und in mittleren bis gr\u00f6\u00dferen Formaten angelegt. Erg\u00e4nzend entstehen kleinere Aquarellarbeiten mit zeichnerischen Elementen auf Holz. <br><br>Die Arbeiten sind offen angelegt und lassen unterschiedliche Betrachtungen zu.<\/p>\n\n\n\n<div class=\"wp-block-buttons is-content-justification-center is-layout-flex wp-container-core-buttons-is-layout-48d0e691 wp-block-buttons-is-layout-flex\" style=\"margin-top:var(--wp--preset--spacing--60);margin-bottom:var(--wp--preset--spacing--60)\">\n<div class=\"wp-block-button\"><a class=\"wp-block-button__link wp-element-button\" href=\"https:\/\/nicolekochheim.de\/?page_id=35\">Bei Interesse oder f\u00fcr Ausstellungsanfragen freue ich mich \u00fcber eine Nachricht!<\/a><\/div>\n<\/div>\n\n\n\n<div class=\"wp-block-columns is-layout-flex wp-container-core-columns-is-layout-d101a23c wp-block-columns-is-layout-flex\" style=\"margin-top:0;margin-bottom:0;padding-top:var(--wp--preset--spacing--60);padding-right:0;padding-bottom:var(--wp--preset--spacing--60);padding-left:0\">\n<div class=\"wp-block-column is-layout-flow wp-block-column-is-layout-flow\">\n<h2 class=\"wp-block-heading has-text-align-center\"><a href=\"https:\/\/nicolekochheim.de\/?page_id=242\">ACRYL<\/a><\/h2>\n\n\n\n<figure class=\"wp-block-image aligncenter size-full is-resized\"><a href=\"https:\/\/nicolekochheim.de\/?page_id=242\"><img loading=\"lazy\" decoding=\"async\" width=\"398\" height=\"562\" src=\"https:\/\/nicolekochheim.de\/wp-content\/uploads\/2026\/02\/IMG_6618-e1770631711157.jpg\" alt=\"\" class=\"wp-image-260\" style=\"aspect-ratio:0.6385714285714286;width:447px;height:auto\" srcset=\"https:\/\/nicolekochheim.de\/wp-content\/uploads\/2026\/02\/IMG_6618-e1770631711157.jpg 398w, https:\/\/nicolekochheim.de\/wp-content\/uploads\/2026\/02\/IMG_6618-e1770631711157-283x400.jpg 283w\" sizes=\"auto, (max-width: 398px) 100vw, 398px\" \/><\/a><\/figure>\n<\/div>\n\n\n\n<div class=\"wp-block-column is-layout-flow wp-block-column-is-layout-flow\">\n<h2 class=\"wp-block-heading has-text-align-center\"><a href=\"https:\/\/nicolekochheim.de\/?page_id=245\">AQUARELL<\/a><\/h2>\n\n\n\n<figure class=\"wp-block-image aligncenter size-full is-resized\"><a href=\"https:\/\/nicolekochheim.de\/?page_id=245\"><img decoding=\"async\" src=\"https:\/\/nicolekochheim.de\/wp-content\/uploads\/2026\/02\/IMG_7003-e1770631624552.jpg\" alt=\"\" class=\"wp-image-270\" style=\"width:auto;height:700px\"\/><\/a><\/figure>\n<\/div>\n<\/div>\n\n\n\n<div class=\"wp-block-buttons is-content-justification-center is-layout-flex wp-container-core-buttons-is-layout-48d0e691 wp-block-buttons-is-layout-flex\" style=\"margin-top:var(--wp--preset--spacing--60);margin-bottom:var(--wp--preset--spacing--60)\">\n<div class=\"wp-block-button\"><a class=\"wp-block-button__link wp-element-button\" href=\"https:\/\/nicolekochheim.de\/?page_id=35\">KONTAKT<\/a><\/div>\n<\/div>\n","protected":false},"excerpt":{"rendered":"<p>HERZLICH WILLKOMMEN Mein Name ist Nicole Kochheim und ich bin freie K\u00fcnstlerin in Hamburg. Ich arbeite mit Acryl und Aquarell. [&hellip;]<\/p>\n","protected":false},"author":1,"featured_media":0,"parent":0,"menu_order":1,"comment_status":"closed","ping_status":"closed","template":"","meta":{"site-sidebar-layout":"default","site-content-layout":"","ast-site-content-layout":"default","site-content-style":"default","site-sidebar-style":"default","ast-global-header-display":"","ast-banner-title-visibility":"","ast-main-header-display":"","ast-hfb-above-header-display":"","ast-hfb-below-header-display":"","ast-hfb-mobile-header-display":"","site-post-title":"disabled","ast-breadcrumbs-content":"","ast-featured-img":"","footer-sml-layout":"","ast-disable-related-posts":"","theme-transparent-header-meta":"","adv-header-id-meta":"","stick-header-meta":"","header-above-stick-meta":"","header-main-stick-meta":"","header-below-stick-meta":"","astra-migrate-meta-layouts":"default","ast-page-background-enabled":"default","ast-page-background-meta":{"desktop":{"background-color":"var(--ast-global-color-5)","background-image":"","background-repeat":"repeat","background-position":"center center","background-size":"auto","background-attachment":"scroll","background-type":"","background-media":"","overlay-type":"","overlay-color":"","overlay-opacity":"","overlay-gradient":""},"tablet":{"background-color":"","background-image":"","background-repeat":"repeat","background-position":"center center","background-size":"auto","background-attachment":"scroll","background-type":"","background-media":"","overlay-type":"","overlay-color":"","overlay-opacity":"","overlay-gradient":""},"mobile":{"background-color":"","background-image":"","background-repeat":"repeat","background-position":"center center","background-size":"auto","background-attachment":"scroll","background-type":"","background-media":"","overlay-type":"","overlay-color":"","overlay-opacity":"","overlay-gradient":""}},"ast-content-background-meta":{"desktop":{"background-color":"var(--ast-global-color-4)","background-image":"","background-repeat":"repeat","background-position":"center center","background-size":"auto","background-attachment":"scroll","background-type":"","background-media":"","overlay-type":"","overlay-color":"","overlay-opacity":"","overlay-gradient":""},"tablet":{"background-color":"var(--ast-global-color-4)","background-image":"","background-repeat":"repeat","background-position":"center center","background-size":"auto","background-attachment":"scroll","background-type":"","background-media":"","overlay-type":"","overlay-color":"","overlay-opacity":"","overlay-gradient":""},"mobile":{"background-color":"var(--ast-global-color-4)","background-image":"","background-repeat":"repeat","background-position":"center center","background-size":"auto","background-attachment":"scroll","background-type":"","background-media":"","overlay-type":"","overlay-color":"","overlay-opacity":"","overlay-gradient":""}},"footnotes":""},"class_list":["post-40","page","type-page","status-publish","hentry"],"yoast_head":"<!-- This site is optimized with the Yoast SEO plugin v26.9 - https:\/\/yoast.com\/product\/yoast-seo-wordpress\/ -->\n<title>HOME - nicolekochheim.de<\/title>\n<meta name=\"description\" content=\"Mein Name ist Nicole Kochheim und ich bin freie K\u00fcnstlerin in Hamburg. Ich arbeite mit Acryl und Aquarell.Die Acrylbilder sind abstrakt und in mittleren bis gr\u00f6\u00dferen Formaten angelegt. Erg\u00e4nzend entstehen kleinere Aquarellarbeiten mit zeichnerischen Elementen auf Holz. Die Arbeiten sind offen angelegt und lassen unterschiedliche Betrachtungen zu.\" \/>\n<meta name=\"robots\" content=\"index, follow, max-snippet:-1, max-image-preview:large, max-video-preview:-1\" \/>\n<link rel=\"canonical\" href=\"https:\/\/nicolekochheim.de\/\" \/>\n<meta property=\"og:locale\" content=\"de_DE\" \/>\n<meta property=\"og:type\" content=\"article\" \/>\n<meta property=\"og:title\" content=\"HOME - nicolekochheim.de\" \/>\n<meta property=\"og:description\" content=\"Mein Name ist Nicole Kochheim und ich bin freie K\u00fcnstlerin in Hamburg. Ich arbeite mit Acryl und Aquarell.Die Acrylbilder sind abstrakt und in mittleren bis gr\u00f6\u00dferen Formaten angelegt. Erg\u00e4nzend entstehen kleinere Aquarellarbeiten mit zeichnerischen Elementen auf Holz. Die Arbeiten sind offen angelegt und lassen unterschiedliche Betrachtungen zu.\" \/>\n<meta property=\"og:url\" content=\"https:\/\/nicolekochheim.de\/\" \/>\n<meta property=\"og:site_name\" content=\"nicolekochheim.de\" \/>\n<meta property=\"article:modified_time\" content=\"2026-02-10T12:24:26+00:00\" \/>\n<meta property=\"og:image\" content=\"http:\/\/nicolekochheim.de\/wp-content\/uploads\/2026\/02\/IMG_6618-e1770631711157.jpg\" \/>\n<meta name=\"twitter:card\" content=\"summary_large_image\" \/>\n<meta name=\"twitter:label1\" content=\"Gesch\u00e4tzte Lesezeit\" \/>\n\t<meta name=\"twitter:data1\" content=\"1\u00a0Minute\" \/>\n<script type=\"application\/ld+json\" class=\"yoast-schema-graph\">{\"@context\":\"https:\/\/schema.org\",\"@graph\":[{\"@type\":\"WebPage\",\"@id\":\"https:\/\/nicolekochheim.de\/\",\"url\":\"https:\/\/nicolekochheim.de\/\",\"name\":\"HOME - nicolekochheim.de\",\"isPartOf\":{\"@id\":\"https:\/\/nicolekochheim.de\/#website\"},\"primaryImageOfPage\":{\"@id\":\"https:\/\/nicolekochheim.de\/#primaryimage\"},\"image\":{\"@id\":\"https:\/\/nicolekochheim.de\/#primaryimage\"},\"thumbnailUrl\":\"http:\/\/nicolekochheim.de\/wp-content\/uploads\/2026\/02\/IMG_6618-e1770631711157.jpg\",\"datePublished\":\"2014-07-07T17:00:40+00:00\",\"dateModified\":\"2026-02-10T12:24:26+00:00\",\"description\":\"Mein Name ist Nicole Kochheim und ich bin freie K\u00fcnstlerin in Hamburg. Ich arbeite mit Acryl und Aquarell.Die Acrylbilder sind abstrakt und in mittleren bis gr\u00f6\u00dferen Formaten angelegt. Erg\u00e4nzend entstehen kleinere Aquarellarbeiten mit zeichnerischen Elementen auf Holz. Die Arbeiten sind offen angelegt und lassen unterschiedliche Betrachtungen zu.\",\"breadcrumb\":{\"@id\":\"https:\/\/nicolekochheim.de\/#breadcrumb\"},\"inLanguage\":\"de\",\"potentialAction\":[{\"@type\":\"ReadAction\",\"target\":[\"https:\/\/nicolekochheim.de\/\"]}]},{\"@type\":\"ImageObject\",\"inLanguage\":\"de\",\"@id\":\"https:\/\/nicolekochheim.de\/#primaryimage\",\"url\":\"http:\/\/nicolekochheim.de\/wp-content\/uploads\/2026\/02\/IMG_6618-e1770631711157.jpg\",\"contentUrl\":\"http:\/\/nicolekochheim.de\/wp-content\/uploads\/2026\/02\/IMG_6618-e1770631711157.jpg\"},{\"@type\":\"BreadcrumbList\",\"@id\":\"https:\/\/nicolekochheim.de\/#breadcrumb\",\"itemListElement\":[{\"@type\":\"ListItem\",\"position\":1,\"name\":\"Start\",\"item\":\"https:\/\/nicolekochheim.de\/\"},{\"@type\":\"ListItem\",\"position\":2,\"name\":\"HOME\"}]},{\"@type\":\"WebSite\",\"@id\":\"https:\/\/nicolekochheim.de\/#website\",\"url\":\"https:\/\/nicolekochheim.de\/\",\"name\":\"nicolekochheim.de\",\"description\":\"\",\"publisher\":{\"@id\":\"https:\/\/nicolekochheim.de\/#organization\"},\"potentialAction\":[{\"@type\":\"SearchAction\",\"target\":{\"@type\":\"EntryPoint\",\"urlTemplate\":\"https:\/\/nicolekochheim.de\/?s={search_term_string}\"},\"query-input\":{\"@type\":\"PropertyValueSpecification\",\"valueRequired\":true,\"valueName\":\"search_term_string\"}}],\"inLanguage\":\"de\"},{\"@type\":\"Organization\",\"@id\":\"https:\/\/nicolekochheim.de\/#organization\",\"name\":\"nicolekochheim.de\",\"url\":\"https:\/\/nicolekochheim.de\/\",\"logo\":{\"@type\":\"ImageObject\",\"inLanguage\":\"de\",\"@id\":\"https:\/\/nicolekochheim.de\/#\/schema\/logo\/image\/\",\"url\":\"https:\/\/nicolekochheim.de\/wp-content\/uploads\/2026\/02\/cropped-NiKo.jpg\",\"contentUrl\":\"https:\/\/nicolekochheim.de\/wp-content\/uploads\/2026\/02\/cropped-NiKo.jpg\",\"width\":618,\"height\":302,\"caption\":\"nicolekochheim.de\"},\"image\":{\"@id\":\"https:\/\/nicolekochheim.de\/#\/schema\/logo\/image\/\"}}]}<\/script>\n<!-- \/ Yoast SEO plugin. -->","yoast_head_json":{"title":"HOME - nicolekochheim.de","description":"Mein Name ist Nicole Kochheim und ich bin freie K\u00fcnstlerin in Hamburg. Ich arbeite mit Acryl und Aquarell.Die Acrylbilder sind abstrakt und in mittleren bis gr\u00f6\u00dferen Formaten angelegt. Erg\u00e4nzend entstehen kleinere Aquarellarbeiten mit zeichnerischen Elementen auf Holz. Die Arbeiten sind offen angelegt und lassen unterschiedliche Betrachtungen zu.","robots":{"index":"index","follow":"follow","max-snippet":"max-snippet:-1","max-image-preview":"max-image-preview:large","max-video-preview":"max-video-preview:-1"},"canonical":"https:\/\/nicolekochheim.de\/","og_locale":"de_DE","og_type":"article","og_title":"HOME - nicolekochheim.de","og_description":"Mein Name ist Nicole Kochheim und ich bin freie K\u00fcnstlerin in Hamburg. Ich arbeite mit Acryl und Aquarell.Die Acrylbilder sind abstrakt und in mittleren bis gr\u00f6\u00dferen Formaten angelegt. Erg\u00e4nzend entstehen kleinere Aquarellarbeiten mit zeichnerischen Elementen auf Holz. Die Arbeiten sind offen angelegt und lassen unterschiedliche Betrachtungen zu.","og_url":"https:\/\/nicolekochheim.de\/","og_site_name":"nicolekochheim.de","article_modified_time":"2026-02-10T12:24:26+00:00","og_image":[{"url":"http:\/\/nicolekochheim.de\/wp-content\/uploads\/2026\/02\/IMG_6618-e1770631711157.jpg","type":"","width":"","height":""}],"twitter_card":"summary_large_image","twitter_misc":{"Gesch\u00e4tzte Lesezeit":"1\u00a0Minute"},"schema":{"@context":"https:\/\/schema.org","@graph":[{"@type":"WebPage","@id":"https:\/\/nicolekochheim.de\/","url":"https:\/\/nicolekochheim.de\/","name":"HOME - nicolekochheim.de","isPartOf":{"@id":"https:\/\/nicolekochheim.de\/#website"},"primaryImageOfPage":{"@id":"https:\/\/nicolekochheim.de\/#primaryimage"},"image":{"@id":"https:\/\/nicolekochheim.de\/#primaryimage"},"thumbnailUrl":"http:\/\/nicolekochheim.de\/wp-content\/uploads\/2026\/02\/IMG_6618-e1770631711157.jpg","datePublished":"2014-07-07T17:00:40+00:00","dateModified":"2026-02-10T12:24:26+00:00","description":"Mein Name ist Nicole Kochheim und ich bin freie K\u00fcnstlerin in Hamburg. Ich arbeite mit Acryl und Aquarell.Die Acrylbilder sind abstrakt und in mittleren bis gr\u00f6\u00dferen Formaten angelegt. Erg\u00e4nzend entstehen kleinere Aquarellarbeiten mit zeichnerischen Elementen auf Holz. Die Arbeiten sind offen angelegt und lassen unterschiedliche Betrachtungen zu.","breadcrumb":{"@id":"https:\/\/nicolekochheim.de\/#breadcrumb"},"inLanguage":"de","potentialAction":[{"@type":"ReadAction","target":["https:\/\/nicolekochheim.de\/"]}]},{"@type":"ImageObject","inLanguage":"de","@id":"https:\/\/nicolekochheim.de\/#primaryimage","url":"http:\/\/nicolekochheim.de\/wp-content\/uploads\/2026\/02\/IMG_6618-e1770631711157.jpg","contentUrl":"http:\/\/nicolekochheim.de\/wp-content\/uploads\/2026\/02\/IMG_6618-e1770631711157.jpg"},{"@type":"BreadcrumbList","@id":"https:\/\/nicolekochheim.de\/#breadcrumb","itemListElement":[{"@type":"ListItem","position":1,"name":"Start","item":"https:\/\/nicolekochheim.de\/"},{"@type":"ListItem","position":2,"name":"HOME"}]},{"@type":"WebSite","@id":"https:\/\/nicolekochheim.de\/#website","url":"https:\/\/nicolekochheim.de\/","name":"nicolekochheim.de","description":"","publisher":{"@id":"https:\/\/nicolekochheim.de\/#organization"},"potentialAction":[{"@type":"SearchAction","target":{"@type":"EntryPoint","urlTemplate":"https:\/\/nicolekochheim.de\/?s={search_term_string}"},"query-input":{"@type":"PropertyValueSpecification","valueRequired":true,"valueName":"search_term_string"}}],"inLanguage":"de"},{"@type":"Organization","@id":"https:\/\/nicolekochheim.de\/#organization","name":"nicolekochheim.de","url":"https:\/\/nicolekochheim.de\/","logo":{"@type":"ImageObject","inLanguage":"de","@id":"https:\/\/nicolekochheim.de\/#\/schema\/logo\/image\/","url":"https:\/\/nicolekochheim.de\/wp-content\/uploads\/2026\/02\/cropped-NiKo.jpg","contentUrl":"https:\/\/nicolekochheim.de\/wp-content\/uploads\/2026\/02\/cropped-NiKo.jpg","width":618,"height":302,"caption":"nicolekochheim.de"},"image":{"@id":"https:\/\/nicolekochheim.de\/#\/schema\/logo\/image\/"}}]}},"_links":{"self":[{"href":"https:\/\/nicolekochheim.de\/index.php?rest_route=\/wp\/v2\/pages\/40","targetHints":{"allow":["GET"]}}],"collection":[{"href":"https:\/\/nicolekochheim.de\/index.php?rest_route=\/wp\/v2\/pages"}],"about":[{"href":"https:\/\/nicolekochheim.de\/index.php?rest_route=\/wp\/v2\/types\/page"}],"author":[{"embeddable":true,"href":"https:\/\/nicolekochheim.de\/index.php?rest_route=\/wp\/v2\/users\/1"}],"replies":[{"embeddable":true,"href":"https:\/\/nicolekochheim.de\/index.php?rest_route=%2Fwp%2Fv2%2Fcomments&post=40"}],"version-history":[{"count":65,"href":"https:\/\/nicolekochheim.de\/index.php?rest_route=\/wp\/v2\/pages\/40\/revisions"}],"predecessor-version":[{"id":529,"href":"https:\/\/nicolekochheim.de\/index.php?rest_route=\/wp\/v2\/pages\/40\/revisions\/529"}],"wp:attachment":[{"href":"https:\/\/nicolekochheim.de\/index.php?rest_route=%2Fwp%2Fv2%2Fmedia&parent=40"}],"curies":[{"name":"wp","href":"https:\/\/api.w.org\/{rel}","templated":true}]}}