{"id":245,"date":"2026-02-09T11:47:19","date_gmt":"2026-02-09T09:47:19","guid":{"rendered":"http:\/\/nicolekochheim.de\/?page_id=245"},"modified":"2026-02-10T14:30:41","modified_gmt":"2026-02-10T12:30:41","slug":"aquarell","status":"publish","type":"page","link":"https:\/\/nicolekochheim.de\/?page_id=245","title":{"rendered":"AQUARELL"},"content":{"rendered":"\n<h1 class=\"wp-block-heading has-text-align-center\">AQUARELL<\/h1>\n\n\n\n<div class=\"wp-block-columns is-layout-flex wp-container-core-columns-is-layout-fe4bb89c wp-block-columns-is-layout-flex\" style=\"margin-top:var(--wp--preset--spacing--60);margin-bottom:var(--wp--preset--spacing--60);padding-top:0;padding-right:0;padding-bottom:0;padding-left:0\">\n<div class=\"wp-block-column is-layout-flow wp-block-column-is-layout-flow\">\n<figure class=\"wp-block-image size-large\"><img loading=\"lazy\" decoding=\"async\" width=\"425\" height=\"425\" src=\"https:\/\/nicolekochheim.de\/wp-content\/uploads\/2026\/02\/IMG_7019-e1770636367348.jpg\" alt=\"\" class=\"wp-image-276\" srcset=\"https:\/\/nicolekochheim.de\/wp-content\/uploads\/2026\/02\/IMG_7019-e1770636367348.jpg 425w, https:\/\/nicolekochheim.de\/wp-content\/uploads\/2026\/02\/IMG_7019-e1770636367348-400x400.jpg 400w, https:\/\/nicolekochheim.de\/wp-content\/uploads\/2026\/02\/IMG_7019-e1770636367348-150x150.jpg 150w\" sizes=\"auto, (max-width: 425px) 100vw, 425px\" \/><\/figure>\n\n\n\n<p class=\"has-text-align-center\">Blindtext<\/p>\n<\/div>\n\n\n\n<div class=\"wp-block-column is-layout-flow wp-block-column-is-layout-flow\">\n<figure class=\"wp-block-image size-large\"><img loading=\"lazy\" decoding=\"async\" width=\"425\" height=\"425\" src=\"https:\/\/nicolekochheim.de\/wp-content\/uploads\/2026\/02\/IMG_7017-e1770636565246.jpg\" alt=\"\" class=\"wp-image-274\" srcset=\"https:\/\/nicolekochheim.de\/wp-content\/uploads\/2026\/02\/IMG_7017-e1770636565246.jpg 425w, https:\/\/nicolekochheim.de\/wp-content\/uploads\/2026\/02\/IMG_7017-e1770636565246-400x400.jpg 400w, https:\/\/nicolekochheim.de\/wp-content\/uploads\/2026\/02\/IMG_7017-e1770636565246-150x150.jpg 150w\" sizes=\"auto, (max-width: 425px) 100vw, 425px\" \/><\/figure>\n\n\n\n<p class=\"has-text-align-center\">Blindtext<\/p>\n<\/div>\n\n\n\n<div class=\"wp-block-column is-layout-flow wp-block-column-is-layout-flow\">\n<figure class=\"wp-block-image size-large\"><img loading=\"lazy\" decoding=\"async\" width=\"425\" height=\"425\" src=\"https:\/\/nicolekochheim.de\/wp-content\/uploads\/2026\/02\/IMG_7018-e1770636624480.jpg\" alt=\"\" class=\"wp-image-275\" srcset=\"https:\/\/nicolekochheim.de\/wp-content\/uploads\/2026\/02\/IMG_7018-e1770636624480.jpg 425w, https:\/\/nicolekochheim.de\/wp-content\/uploads\/2026\/02\/IMG_7018-e1770636624480-400x400.jpg 400w, https:\/\/nicolekochheim.de\/wp-content\/uploads\/2026\/02\/IMG_7018-e1770636624480-150x150.jpg 150w\" sizes=\"auto, (max-width: 425px) 100vw, 425px\" \/><\/figure>\n\n\n\n<p class=\"has-text-align-center\">Blindtext<\/p>\n<\/div>\n<\/div>\n\n\n\n<div class=\"wp-block-columns is-layout-flex wp-container-core-columns-is-layout-fe4bb89c wp-block-columns-is-layout-flex\" style=\"margin-top:var(--wp--preset--spacing--60);margin-bottom:var(--wp--preset--spacing--60);padding-top:0;padding-right:0;padding-bottom:0;padding-left:0\">\n<div class=\"wp-block-column is-layout-flow wp-block-column-is-layout-flow\">\n<figure class=\"wp-block-image size-large\"><img loading=\"lazy\" decoding=\"async\" width=\"425\" height=\"425\" src=\"https:\/\/nicolekochheim.de\/wp-content\/uploads\/2026\/02\/IMG_7007-e1770636719852.jpg\" alt=\"\" class=\"wp-image-272\" srcset=\"https:\/\/nicolekochheim.de\/wp-content\/uploads\/2026\/02\/IMG_7007-e1770636719852.jpg 425w, https:\/\/nicolekochheim.de\/wp-content\/uploads\/2026\/02\/IMG_7007-e1770636719852-400x400.jpg 400w, https:\/\/nicolekochheim.de\/wp-content\/uploads\/2026\/02\/IMG_7007-e1770636719852-150x150.jpg 150w\" sizes=\"auto, (max-width: 425px) 100vw, 425px\" \/><\/figure>\n\n\n\n<p class=\"has-text-align-center\">Blindtext<\/p>\n<\/div>\n\n\n\n<div class=\"wp-block-column is-layout-flow wp-block-column-is-layout-flow\">\n<figure class=\"wp-block-image size-large\"><img loading=\"lazy\" decoding=\"async\" width=\"425\" height=\"425\" src=\"https:\/\/nicolekochheim.de\/wp-content\/uploads\/2026\/02\/IMG_7011-e1770636834894.jpg\" alt=\"\" class=\"wp-image-273\" srcset=\"https:\/\/nicolekochheim.de\/wp-content\/uploads\/2026\/02\/IMG_7011-e1770636834894.jpg 425w, https:\/\/nicolekochheim.de\/wp-content\/uploads\/2026\/02\/IMG_7011-e1770636834894-400x400.jpg 400w, https:\/\/nicolekochheim.de\/wp-content\/uploads\/2026\/02\/IMG_7011-e1770636834894-150x150.jpg 150w\" sizes=\"auto, (max-width: 425px) 100vw, 425px\" \/><\/figure>\n\n\n\n<p class=\"has-text-align-center\">Blindtext<\/p>\n<\/div>\n\n\n\n<div class=\"wp-block-column is-layout-flow wp-block-column-is-layout-flow\">\n<figure class=\"wp-block-image size-large\"><img loading=\"lazy\" decoding=\"async\" width=\"425\" height=\"425\" src=\"https:\/\/nicolekochheim.de\/wp-content\/uploads\/2026\/02\/IMG_7004-e1770636929863.jpg\" alt=\"\" class=\"wp-image-271\" srcset=\"https:\/\/nicolekochheim.de\/wp-content\/uploads\/2026\/02\/IMG_7004-e1770636929863.jpg 425w, https:\/\/nicolekochheim.de\/wp-content\/uploads\/2026\/02\/IMG_7004-e1770636929863-400x400.jpg 400w, https:\/\/nicolekochheim.de\/wp-content\/uploads\/2026\/02\/IMG_7004-e1770636929863-150x150.jpg 150w\" sizes=\"auto, (max-width: 425px) 100vw, 425px\" \/><\/figure>\n\n\n\n<p class=\"has-text-align-center\">Blindtext<\/p>\n<\/div>\n<\/div>\n\n\n\n<div class=\"wp-block-columns is-layout-flex wp-container-core-columns-is-layout-607112e6 wp-block-columns-is-layout-flex\" style=\"margin-top:var(--wp--preset--spacing--60);margin-bottom:var(--wp--preset--spacing--60);padding-top:0;padding-right:0;padding-bottom:0;padding-left:0\">\n<div class=\"wp-block-column is-layout-flow wp-block-column-is-layout-flow\">\n<figure class=\"wp-block-image size-large is-resized\"><img loading=\"lazy\" decoding=\"async\" width=\"305\" height=\"305\" src=\"https:\/\/nicolekochheim.de\/wp-content\/uploads\/2026\/02\/IMG_7003-e1770637103478.jpg\" alt=\"\" class=\"wp-image-270\" style=\"width:305px;height:auto\" srcset=\"https:\/\/nicolekochheim.de\/wp-content\/uploads\/2026\/02\/IMG_7003-e1770637103478.jpg 305w, https:\/\/nicolekochheim.de\/wp-content\/uploads\/2026\/02\/IMG_7003-e1770637103478-150x150.jpg 150w\" sizes=\"auto, (max-width: 305px) 100vw, 305px\" \/><\/figure>\n\n\n\n<p class=\"has-text-align-center\">Blindtext<\/p>\n<\/div>\n\n\n\n<div class=\"wp-block-column is-layout-flow wp-block-column-is-layout-flow\">\n<figure class=\"wp-block-image size-large\"><img loading=\"lazy\" decoding=\"async\" width=\"425\" height=\"425\" src=\"https:\/\/nicolekochheim.de\/wp-content\/uploads\/2026\/02\/IMG_7001-e1770637166927.jpg\" alt=\"\" class=\"wp-image-269\" srcset=\"https:\/\/nicolekochheim.de\/wp-content\/uploads\/2026\/02\/IMG_7001-e1770637166927.jpg 425w, https:\/\/nicolekochheim.de\/wp-content\/uploads\/2026\/02\/IMG_7001-e1770637166927-400x400.jpg 400w, https:\/\/nicolekochheim.de\/wp-content\/uploads\/2026\/02\/IMG_7001-e1770637166927-150x150.jpg 150w\" sizes=\"auto, (max-width: 425px) 100vw, 425px\" \/><\/figure>\n\n\n\n<p class=\"has-text-align-center\">Blindtext<\/p>\n<\/div>\n\n\n\n<div class=\"wp-block-column is-layout-flow wp-block-column-is-layout-flow\">\n<figure class=\"wp-block-image size-large\"><img loading=\"lazy\" decoding=\"async\" width=\"425\" height=\"425\" src=\"https:\/\/nicolekochheim.de\/wp-content\/uploads\/2026\/02\/IMG_6996-e1770637200591.jpg\" alt=\"\" class=\"wp-image-267\" srcset=\"https:\/\/nicolekochheim.de\/wp-content\/uploads\/2026\/02\/IMG_6996-e1770637200591.jpg 425w, https:\/\/nicolekochheim.de\/wp-content\/uploads\/2026\/02\/IMG_6996-e1770637200591-400x400.jpg 400w, https:\/\/nicolekochheim.de\/wp-content\/uploads\/2026\/02\/IMG_6996-e1770637200591-150x150.jpg 150w\" sizes=\"auto, (max-width: 425px) 100vw, 425px\" \/><\/figure>\n\n\n\n<p class=\"has-text-align-center\">Blindtext<\/p>\n<\/div>\n<\/div>\n\n\n\n<div class=\"wp-block-columns is-layout-flex wp-container-core-columns-is-layout-607112e6 wp-block-columns-is-layout-flex\" style=\"margin-top:var(--wp--preset--spacing--60);margin-bottom:var(--wp--preset--spacing--60);padding-top:0;padding-right:0;padding-bottom:0;padding-left:0\">\n<div class=\"wp-block-column is-layout-flow wp-block-column-is-layout-flow\">\n<figure class=\"wp-block-image size-large\"><img loading=\"lazy\" decoding=\"async\" width=\"425\" height=\"425\" src=\"https:\/\/nicolekochheim.de\/wp-content\/uploads\/2026\/02\/IMG_6997-e1770637237982.jpg\" alt=\"\" class=\"wp-image-268\" srcset=\"https:\/\/nicolekochheim.de\/wp-content\/uploads\/2026\/02\/IMG_6997-e1770637237982.jpg 425w, https:\/\/nicolekochheim.de\/wp-content\/uploads\/2026\/02\/IMG_6997-e1770637237982-400x400.jpg 400w, https:\/\/nicolekochheim.de\/wp-content\/uploads\/2026\/02\/IMG_6997-e1770637237982-150x150.jpg 150w\" sizes=\"auto, (max-width: 425px) 100vw, 425px\" \/><\/figure>\n\n\n\n<p class=\"has-text-align-center\">Blindtext<\/p>\n<\/div>\n\n\n\n<div class=\"wp-block-column is-layout-flow wp-block-column-is-layout-flow\">\n<figure class=\"wp-block-image size-large\"><img loading=\"lazy\" decoding=\"async\" width=\"425\" height=\"425\" src=\"https:\/\/nicolekochheim.de\/wp-content\/uploads\/2026\/02\/IMG_6995-e1770637310766.jpg\" alt=\"\" class=\"wp-image-266\" srcset=\"https:\/\/nicolekochheim.de\/wp-content\/uploads\/2026\/02\/IMG_6995-e1770637310766.jpg 425w, https:\/\/nicolekochheim.de\/wp-content\/uploads\/2026\/02\/IMG_6995-e1770637310766-400x400.jpg 400w, https:\/\/nicolekochheim.de\/wp-content\/uploads\/2026\/02\/IMG_6995-e1770637310766-150x150.jpg 150w\" sizes=\"auto, (max-width: 425px) 100vw, 425px\" \/><\/figure>\n\n\n\n<p class=\"has-text-align-center\">Blindtext<\/p>\n<\/div>\n\n\n\n<div class=\"wp-block-column is-layout-flow wp-block-column-is-layout-flow\">\n<figure class=\"wp-block-image size-large\"><img loading=\"lazy\" decoding=\"async\" width=\"425\" height=\"425\" src=\"https:\/\/nicolekochheim.de\/wp-content\/uploads\/2026\/02\/IMG_6994-e1770637512347.jpg\" alt=\"\" class=\"wp-image-265\" srcset=\"https:\/\/nicolekochheim.de\/wp-content\/uploads\/2026\/02\/IMG_6994-e1770637512347.jpg 425w, https:\/\/nicolekochheim.de\/wp-content\/uploads\/2026\/02\/IMG_6994-e1770637512347-400x400.jpg 400w, https:\/\/nicolekochheim.de\/wp-content\/uploads\/2026\/02\/IMG_6994-e1770637512347-150x150.jpg 150w\" sizes=\"auto, (max-width: 425px) 100vw, 425px\" \/><\/figure>\n\n\n\n<p class=\"has-text-align-center\">Blindtext<\/p>\n<\/div>\n<\/div>\n\n\n\n<div class=\"wp-block-buttons is-content-justification-center is-layout-flex wp-container-core-buttons-is-layout-48d0e691 wp-block-buttons-is-layout-flex\" style=\"margin-top:var(--wp--preset--spacing--60);margin-bottom:var(--wp--preset--spacing--60)\">\n<div class=\"wp-block-button\"><a class=\"wp-block-button__link wp-element-button\" href=\"https:\/\/nicolekochheim.de\/?page_id=35\">KONTAKT<\/a><\/div>\n<\/div>\n","protected":false},"excerpt":{"rendered":"<p>AQUARELL Blindtext Blindtext Blindtext Blindtext Blindtext Blindtext Blindtext Blindtext Blindtext Blindtext Blindtext Blindtext<\/p>\n","protected":false},"author":1,"featured_media":0,"parent":0,"menu_order":0,"comment_status":"closed","ping_status":"closed","template":"","meta":{"site-sidebar-layout":"default","site-content-layout":"","ast-site-content-layout":"default","site-content-style":"default","site-sidebar-style":"default","ast-global-header-display":"","ast-banner-title-visibility":"","ast-main-header-display":"","ast-hfb-above-header-display":"","ast-hfb-below-header-display":"","ast-hfb-mobile-header-display":"","site-post-title":"disabled","ast-breadcrumbs-content":"","ast-featured-img":"","footer-sml-layout":"","ast-disable-related-posts":"","theme-transparent-header-meta":"","adv-header-id-meta":"","stick-header-meta":"","header-above-stick-meta":"","header-main-stick-meta":"","header-below-stick-meta":"","astra-migrate-meta-layouts":"default","ast-page-background-enabled":"default","ast-page-background-meta":{"desktop":{"background-color":"var(--ast-global-color-5)","background-image":"","background-repeat":"repeat","background-position":"center center","background-size":"auto","background-attachment":"scroll","background-type":"","background-media":"","overlay-type":"","overlay-color":"","overlay-opacity":"","overlay-gradient":""},"tablet":{"background-color":"","background-image":"","background-repeat":"repeat","background-position":"center center","background-size":"auto","background-attachment":"scroll","background-type":"","background-media":"","overlay-type":"","overlay-color":"","overlay-opacity":"","overlay-gradient":""},"mobile":{"background-color":"","background-image":"","background-repeat":"repeat","background-position":"center center","background-size":"auto","background-attachment":"scroll","background-type":"","background-media":"","overlay-type":"","overlay-color":"","overlay-opacity":"","overlay-gradient":""}},"ast-content-background-meta":{"desktop":{"background-color":"var(--ast-global-color-4)","background-image":"","background-repeat":"repeat","background-position":"center center","background-size":"auto","background-attachment":"scroll","background-type":"","background-media":"","overlay-type":"","overlay-color":"","overlay-opacity":"","overlay-gradient":""},"tablet":{"background-color":"var(--ast-global-color-4)","background-image":"","background-repeat":"repeat","background-position":"center center","background-size":"auto","background-attachment":"scroll","background-type":"","background-media":"","overlay-type":"","overlay-color":"","overlay-opacity":"","overlay-gradient":""},"mobile":{"background-color":"var(--ast-global-color-4)","background-image":"","background-repeat":"repeat","background-position":"center center","background-size":"auto","background-attachment":"scroll","background-type":"","background-media":"","overlay-type":"","overlay-color":"","overlay-opacity":"","overlay-gradient":""}},"footnotes":""},"class_list":["post-245","page","type-page","status-publish","hentry"],"yoast_head":"<!-- This site is optimized with the Yoast SEO plugin v26.9 - https:\/\/yoast.com\/product\/yoast-seo-wordpress\/ -->\n<title>AQUARELL - nicolekochheim.de<\/title>\n<meta name=\"description\" content=\"Meine Aquarellarbeiten sind abstrakt, werden aber h\u00e4ufig durch feine Zeichnungen erg\u00e4nzt - manchmal tauchen Figuren, B\u00e4ume oder Landschaften auf. Die \u201eMinis\u201c werden auf Holz geklebt und haben dadurch einen eigenen, kleinen Objektcharakter.\" \/>\n<meta name=\"robots\" content=\"index, follow, max-snippet:-1, max-image-preview:large, max-video-preview:-1\" \/>\n<link rel=\"canonical\" href=\"https:\/\/nicolekochheim.de\/?page_id=245\" \/>\n<meta property=\"og:locale\" content=\"de_DE\" \/>\n<meta property=\"og:type\" content=\"article\" \/>\n<meta property=\"og:title\" content=\"AQUARELL - nicolekochheim.de\" \/>\n<meta property=\"og:description\" content=\"Meine Aquarellarbeiten sind abstrakt, werden aber h\u00e4ufig durch feine Zeichnungen erg\u00e4nzt - manchmal tauchen Figuren, B\u00e4ume oder Landschaften auf. Die \u201eMinis\u201c werden auf Holz geklebt und haben dadurch einen eigenen, kleinen Objektcharakter.\" \/>\n<meta property=\"og:url\" content=\"https:\/\/nicolekochheim.de\/?page_id=245\" \/>\n<meta property=\"og:site_name\" content=\"nicolekochheim.de\" \/>\n<meta property=\"article:modified_time\" content=\"2026-02-10T12:30:41+00:00\" \/>\n<meta name=\"twitter:card\" content=\"summary_large_image\" \/>\n<meta name=\"twitter:label1\" content=\"Gesch\u00e4tzte Lesezeit\" \/>\n\t<meta name=\"twitter:data1\" content=\"3\u00a0Minuten\" \/>\n<script type=\"application\/ld+json\" class=\"yoast-schema-graph\">{\"@context\":\"https:\/\/schema.org\",\"@graph\":[{\"@type\":\"WebPage\",\"@id\":\"https:\/\/nicolekochheim.de\/?page_id=245\",\"url\":\"https:\/\/nicolekochheim.de\/?page_id=245\",\"name\":\"AQUARELL - nicolekochheim.de\",\"isPartOf\":{\"@id\":\"https:\/\/nicolekochheim.de\/#website\"},\"primaryImageOfPage\":{\"@id\":\"https:\/\/nicolekochheim.de\/?page_id=245#primaryimage\"},\"image\":{\"@id\":\"https:\/\/nicolekochheim.de\/?page_id=245#primaryimage\"},\"thumbnailUrl\":\"https:\/\/nicolekochheim.de\/wp-content\/uploads\/2026\/02\/IMG_7019-e1770636367348.jpg\",\"datePublished\":\"2026-02-09T09:47:19+00:00\",\"dateModified\":\"2026-02-10T12:30:41+00:00\",\"description\":\"Meine Aquarellarbeiten sind abstrakt, werden aber h\u00e4ufig durch feine Zeichnungen erg\u00e4nzt - manchmal tauchen Figuren, B\u00e4ume oder Landschaften auf. Die \u201eMinis\u201c werden auf Holz geklebt und haben dadurch einen eigenen, kleinen Objektcharakter.\",\"breadcrumb\":{\"@id\":\"https:\/\/nicolekochheim.de\/?page_id=245#breadcrumb\"},\"inLanguage\":\"de\",\"potentialAction\":[{\"@type\":\"ReadAction\",\"target\":[\"https:\/\/nicolekochheim.de\/?page_id=245\"]}]},{\"@type\":\"ImageObject\",\"inLanguage\":\"de\",\"@id\":\"https:\/\/nicolekochheim.de\/?page_id=245#primaryimage\",\"url\":\"https:\/\/nicolekochheim.de\/wp-content\/uploads\/2026\/02\/IMG_7019-e1770636367348.jpg\",\"contentUrl\":\"https:\/\/nicolekochheim.de\/wp-content\/uploads\/2026\/02\/IMG_7019-e1770636367348.jpg\",\"width\":425,\"height\":425},{\"@type\":\"BreadcrumbList\",\"@id\":\"https:\/\/nicolekochheim.de\/?page_id=245#breadcrumb\",\"itemListElement\":[{\"@type\":\"ListItem\",\"position\":1,\"name\":\"Start\",\"item\":\"https:\/\/nicolekochheim.de\/\"},{\"@type\":\"ListItem\",\"position\":2,\"name\":\"AQUARELL\"}]},{\"@type\":\"WebSite\",\"@id\":\"https:\/\/nicolekochheim.de\/#website\",\"url\":\"https:\/\/nicolekochheim.de\/\",\"name\":\"nicolekochheim.de\",\"description\":\"\",\"publisher\":{\"@id\":\"https:\/\/nicolekochheim.de\/#organization\"},\"potentialAction\":[{\"@type\":\"SearchAction\",\"target\":{\"@type\":\"EntryPoint\",\"urlTemplate\":\"https:\/\/nicolekochheim.de\/?s={search_term_string}\"},\"query-input\":{\"@type\":\"PropertyValueSpecification\",\"valueRequired\":true,\"valueName\":\"search_term_string\"}}],\"inLanguage\":\"de\"},{\"@type\":\"Organization\",\"@id\":\"https:\/\/nicolekochheim.de\/#organization\",\"name\":\"nicolekochheim.de\",\"url\":\"https:\/\/nicolekochheim.de\/\",\"logo\":{\"@type\":\"ImageObject\",\"inLanguage\":\"de\",\"@id\":\"https:\/\/nicolekochheim.de\/#\/schema\/logo\/image\/\",\"url\":\"https:\/\/nicolekochheim.de\/wp-content\/uploads\/2026\/02\/cropped-NiKo.jpg\",\"contentUrl\":\"https:\/\/nicolekochheim.de\/wp-content\/uploads\/2026\/02\/cropped-NiKo.jpg\",\"width\":618,\"height\":302,\"caption\":\"nicolekochheim.de\"},\"image\":{\"@id\":\"https:\/\/nicolekochheim.de\/#\/schema\/logo\/image\/\"}}]}<\/script>\n<!-- \/ Yoast SEO plugin. -->","yoast_head_json":{"title":"AQUARELL - nicolekochheim.de","description":"Meine Aquarellarbeiten sind abstrakt, werden aber h\u00e4ufig durch feine Zeichnungen erg\u00e4nzt - manchmal tauchen Figuren, B\u00e4ume oder Landschaften auf. Die \u201eMinis\u201c werden auf Holz geklebt und haben dadurch einen eigenen, kleinen Objektcharakter.","robots":{"index":"index","follow":"follow","max-snippet":"max-snippet:-1","max-image-preview":"max-image-preview:large","max-video-preview":"max-video-preview:-1"},"canonical":"https:\/\/nicolekochheim.de\/?page_id=245","og_locale":"de_DE","og_type":"article","og_title":"AQUARELL - nicolekochheim.de","og_description":"Meine Aquarellarbeiten sind abstrakt, werden aber h\u00e4ufig durch feine Zeichnungen erg\u00e4nzt - manchmal tauchen Figuren, B\u00e4ume oder Landschaften auf. Die \u201eMinis\u201c werden auf Holz geklebt und haben dadurch einen eigenen, kleinen Objektcharakter.","og_url":"https:\/\/nicolekochheim.de\/?page_id=245","og_site_name":"nicolekochheim.de","article_modified_time":"2026-02-10T12:30:41+00:00","twitter_card":"summary_large_image","twitter_misc":{"Gesch\u00e4tzte Lesezeit":"3\u00a0Minuten"},"schema":{"@context":"https:\/\/schema.org","@graph":[{"@type":"WebPage","@id":"https:\/\/nicolekochheim.de\/?page_id=245","url":"https:\/\/nicolekochheim.de\/?page_id=245","name":"AQUARELL - nicolekochheim.de","isPartOf":{"@id":"https:\/\/nicolekochheim.de\/#website"},"primaryImageOfPage":{"@id":"https:\/\/nicolekochheim.de\/?page_id=245#primaryimage"},"image":{"@id":"https:\/\/nicolekochheim.de\/?page_id=245#primaryimage"},"thumbnailUrl":"https:\/\/nicolekochheim.de\/wp-content\/uploads\/2026\/02\/IMG_7019-e1770636367348.jpg","datePublished":"2026-02-09T09:47:19+00:00","dateModified":"2026-02-10T12:30:41+00:00","description":"Meine Aquarellarbeiten sind abstrakt, werden aber h\u00e4ufig durch feine Zeichnungen erg\u00e4nzt - manchmal tauchen Figuren, B\u00e4ume oder Landschaften auf. Die \u201eMinis\u201c werden auf Holz geklebt und haben dadurch einen eigenen, kleinen Objektcharakter.","breadcrumb":{"@id":"https:\/\/nicolekochheim.de\/?page_id=245#breadcrumb"},"inLanguage":"de","potentialAction":[{"@type":"ReadAction","target":["https:\/\/nicolekochheim.de\/?page_id=245"]}]},{"@type":"ImageObject","inLanguage":"de","@id":"https:\/\/nicolekochheim.de\/?page_id=245#primaryimage","url":"https:\/\/nicolekochheim.de\/wp-content\/uploads\/2026\/02\/IMG_7019-e1770636367348.jpg","contentUrl":"https:\/\/nicolekochheim.de\/wp-content\/uploads\/2026\/02\/IMG_7019-e1770636367348.jpg","width":425,"height":425},{"@type":"BreadcrumbList","@id":"https:\/\/nicolekochheim.de\/?page_id=245#breadcrumb","itemListElement":[{"@type":"ListItem","position":1,"name":"Start","item":"https:\/\/nicolekochheim.de\/"},{"@type":"ListItem","position":2,"name":"AQUARELL"}]},{"@type":"WebSite","@id":"https:\/\/nicolekochheim.de\/#website","url":"https:\/\/nicolekochheim.de\/","name":"nicolekochheim.de","description":"","publisher":{"@id":"https:\/\/nicolekochheim.de\/#organization"},"potentialAction":[{"@type":"SearchAction","target":{"@type":"EntryPoint","urlTemplate":"https:\/\/nicolekochheim.de\/?s={search_term_string}"},"query-input":{"@type":"PropertyValueSpecification","valueRequired":true,"valueName":"search_term_string"}}],"inLanguage":"de"},{"@type":"Organization","@id":"https:\/\/nicolekochheim.de\/#organization","name":"nicolekochheim.de","url":"https:\/\/nicolekochheim.de\/","logo":{"@type":"ImageObject","inLanguage":"de","@id":"https:\/\/nicolekochheim.de\/#\/schema\/logo\/image\/","url":"https:\/\/nicolekochheim.de\/wp-content\/uploads\/2026\/02\/cropped-NiKo.jpg","contentUrl":"https:\/\/nicolekochheim.de\/wp-content\/uploads\/2026\/02\/cropped-NiKo.jpg","width":618,"height":302,"caption":"nicolekochheim.de"},"image":{"@id":"https:\/\/nicolekochheim.de\/#\/schema\/logo\/image\/"}}]}},"_links":{"self":[{"href":"https:\/\/nicolekochheim.de\/index.php?rest_route=\/wp\/v2\/pages\/245","targetHints":{"allow":["GET"]}}],"collection":[{"href":"https:\/\/nicolekochheim.de\/index.php?rest_route=\/wp\/v2\/pages"}],"about":[{"href":"https:\/\/nicolekochheim.de\/index.php?rest_route=\/wp\/v2\/types\/page"}],"author":[{"embeddable":true,"href":"https:\/\/nicolekochheim.de\/index.php?rest_route=\/wp\/v2\/users\/1"}],"replies":[{"embeddable":true,"href":"https:\/\/nicolekochheim.de\/index.php?rest_route=%2Fwp%2Fv2%2Fcomments&post=245"}],"version-history":[{"count":5,"href":"https:\/\/nicolekochheim.de\/index.php?rest_route=\/wp\/v2\/pages\/245\/revisions"}],"predecessor-version":[{"id":493,"href":"https:\/\/nicolekochheim.de\/index.php?rest_route=\/wp\/v2\/pages\/245\/revisions\/493"}],"wp:attachment":[{"href":"https:\/\/nicolekochheim.de\/index.php?rest_route=%2Fwp%2Fv2%2Fmedia&parent=245"}],"curies":[{"name":"wp","href":"https:\/\/api.w.org\/{rel}","templated":true}]}}