{"id":236,"date":"2026-02-09T11:45:07","date_gmt":"2026-02-09T09:45:07","guid":{"rendered":"http:\/\/nicolekochheim.de\/?page_id=236"},"modified":"2026-02-12T00:50:17","modified_gmt":"2026-02-11T22:50:17","slug":"ausstellungen","status":"publish","type":"page","link":"https:\/\/nicolekochheim.de\/?page_id=236","title":{"rendered":"AUSSTELLUNGEN"},"content":{"rendered":"\n<h1 class=\"wp-block-heading has-text-align-center\">AUSSTELLUNGEN<\/h1>\n\n\n\n<div class=\"wp-block-columns is-layout-flex wp-container-core-columns-is-layout-55d4f671 wp-block-columns-is-layout-flex\" style=\"margin-top:var(--wp--preset--spacing--60);margin-bottom:var(--wp--preset--spacing--60);padding-top:0;padding-right:0;padding-bottom:0;padding-left:0\">\n<div class=\"wp-block-column is-layout-flow wp-block-column-is-layout-flow\">\n<div class=\"wp-block-columns is-layout-flex wp-container-core-columns-is-layout-983c8176 wp-block-columns-is-layout-flex\" style=\"padding-top:var(--wp--preset--spacing--20);padding-right:0;padding-bottom:var(--wp--preset--spacing--20);padding-left:0\">\n<div class=\"wp-block-column is-layout-flow wp-block-column-is-layout-flow\" style=\"padding-right:0;padding-left:0\">\n<figure class=\"wp-block-image size-full\"><img loading=\"lazy\" decoding=\"async\" width=\"567\" height=\"567\" src=\"https:\/\/nicolekochheim.de\/wp-content\/uploads\/2026\/02\/kunstkate.jpeg\" alt=\"\" class=\"wp-image-547\" srcset=\"https:\/\/nicolekochheim.de\/wp-content\/uploads\/2026\/02\/kunstkate.jpeg 567w, https:\/\/nicolekochheim.de\/wp-content\/uploads\/2026\/02\/kunstkate-400x400.jpeg 400w, https:\/\/nicolekochheim.de\/wp-content\/uploads\/2026\/02\/kunstkate-150x150.jpeg 150w\" sizes=\"auto, (max-width: 567px) 100vw, 567px\" \/><\/figure>\n\n\n\n<h3 class=\"wp-block-heading\">KUNSTKATE<\/h3>\n\n\n\n<p>Eulenkrugstra\u00dfe 60-64<br>22359 Hamburg<br><a href=\"https:\/\/kunst-kate-volksdorf.de\/katenladen\/\" target=\"_blank\" rel=\"noreferrer noopener\">https:\/\/kunst-kate-volksdorf.de\/katenladen<\/a><br>\u00d6ffnungszeiten der Galerie:<br>Mi-Fr: 13-18 Uhr, Sa: 12-14 Uhr<\/p>\n<\/div>\n<\/div>\n<\/div>\n\n\n\n<div class=\"wp-block-column is-layout-flow wp-block-column-is-layout-flow\">\n<div class=\"wp-block-columns is-layout-flex wp-container-core-columns-is-layout-983c8176 wp-block-columns-is-layout-flex\" style=\"padding-top:var(--wp--preset--spacing--20);padding-right:0;padding-bottom:var(--wp--preset--spacing--20);padding-left:0\">\n<div class=\"wp-block-column is-layout-flow wp-block-column-is-layout-flow\" style=\"padding-right:0;padding-left:0\">\n<figure class=\"wp-block-image size-full\"><img loading=\"lazy\" decoding=\"async\" width=\"567\" height=\"567\" src=\"https:\/\/nicolekochheim.de\/wp-content\/uploads\/2026\/02\/isemarkt.jpeg\" alt=\"\" class=\"wp-image-546\" srcset=\"https:\/\/nicolekochheim.de\/wp-content\/uploads\/2026\/02\/isemarkt.jpeg 567w, https:\/\/nicolekochheim.de\/wp-content\/uploads\/2026\/02\/isemarkt-400x400.jpeg 400w, https:\/\/nicolekochheim.de\/wp-content\/uploads\/2026\/02\/isemarkt-150x150.jpeg 150w\" sizes=\"auto, (max-width: 567px) 100vw, 567px\" \/><\/figure>\n\n\n\n<h3 class=\"wp-block-heading\">ISEMARKT<\/h3>\n\n\n\n<p>Kunststand auf dem Ise-\/Wochenmarkt<br>Isestra\u00dfe (zwischen U-Hoheluftbr\u00fccke und U-Eppendorfer Baum), 20144 Hamburg<br>Verkaufszeit bei sch\u00f6nem Wetter:<br>Fr: 08:30-14 Uhr<\/p>\n<\/div>\n<\/div>\n<\/div>\n<\/div>\n\n\n\n<div class=\"wp-block-columns is-layout-flex wp-container-core-columns-is-layout-55d4f671 wp-block-columns-is-layout-flex\" style=\"margin-top:var(--wp--preset--spacing--60);margin-bottom:var(--wp--preset--spacing--60);padding-top:0;padding-right:0;padding-bottom:0;padding-left:0\">\n<div class=\"wp-block-column is-layout-flow wp-block-column-is-layout-flow\">\n<div class=\"wp-block-columns is-layout-flex wp-container-core-columns-is-layout-983c8176 wp-block-columns-is-layout-flex\" style=\"padding-top:var(--wp--preset--spacing--20);padding-right:0;padding-bottom:var(--wp--preset--spacing--20);padding-left:0\">\n<div class=\"wp-block-column is-layout-flow wp-block-column-is-layout-flow\" style=\"padding-right:0;padding-left:0\">\n<div class=\"wp-block-cover\"><img loading=\"lazy\" decoding=\"async\" width=\"544\" height=\"384\" class=\"wp-block-cover__image-background wp-image-257\" alt=\"\" src=\"https:\/\/nicolekochheim.de\/wp-content\/uploads\/2026\/02\/IMG_6350-e1770638520909.jpg\" data-object-fit=\"cover\" srcset=\"https:\/\/nicolekochheim.de\/wp-content\/uploads\/2026\/02\/IMG_6350-e1770638520909.jpg 544w, https:\/\/nicolekochheim.de\/wp-content\/uploads\/2026\/02\/IMG_6350-e1770638520909-400x282.jpg 400w\" sizes=\"auto, (max-width: 544px) 100vw, 544px\" \/><span aria-hidden=\"true\" class=\"wp-block-cover__background has-background-dim\"><\/span><div class=\"wp-block-cover__inner-container is-layout-flow wp-block-cover-is-layout-flow\">\n<p class=\"has-text-align-center has-ast-global-color-3-color has-text-color has-link-color has-medium-font-size wp-elements-07e7fe62b464a46306376fc149732431\">Platzhalter<\/p>\n<\/div><\/div>\n\n\n\n<h3 class=\"wp-block-heading\">Austellungsort <\/h3>\n\n\n\n<p>Adresse<br>Website<br>\u00d6ffnungszeiten<\/p>\n<\/div>\n<\/div>\n<\/div>\n\n\n\n<div class=\"wp-block-column is-layout-flow wp-block-column-is-layout-flow\">\n<div class=\"wp-block-columns is-layout-flex wp-container-core-columns-is-layout-983c8176 wp-block-columns-is-layout-flex\" style=\"padding-top:var(--wp--preset--spacing--20);padding-right:0;padding-bottom:var(--wp--preset--spacing--20);padding-left:0\">\n<div class=\"wp-block-column is-layout-flow wp-block-column-is-layout-flow\" style=\"padding-right:0;padding-left:0\">\n<div class=\"wp-block-cover\"><img loading=\"lazy\" decoding=\"async\" width=\"544\" height=\"384\" class=\"wp-block-cover__image-background wp-image-257\" alt=\"\" src=\"https:\/\/nicolekochheim.de\/wp-content\/uploads\/2026\/02\/IMG_6350-e1770638520909.jpg\" data-object-fit=\"cover\" srcset=\"https:\/\/nicolekochheim.de\/wp-content\/uploads\/2026\/02\/IMG_6350-e1770638520909.jpg 544w, https:\/\/nicolekochheim.de\/wp-content\/uploads\/2026\/02\/IMG_6350-e1770638520909-400x282.jpg 400w\" sizes=\"auto, (max-width: 544px) 100vw, 544px\" \/><span aria-hidden=\"true\" class=\"wp-block-cover__background has-background-dim\"><\/span><div class=\"wp-block-cover__inner-container is-layout-flow wp-block-cover-is-layout-flow\">\n<p class=\"has-text-align-center has-ast-global-color-3-color has-text-color has-link-color has-medium-font-size wp-elements-07e7fe62b464a46306376fc149732431\">Platzhalter<\/p>\n<\/div><\/div>\n\n\n\n<h3 class=\"wp-block-heading\">Austellungsort <\/h3>\n\n\n\n<p>Adresse<br>Website<br>\u00d6ffnungszeiten<\/p>\n<\/div>\n<\/div>\n<\/div>\n<\/div>\n\n\n\n<div class=\"wp-block-columns is-layout-flex wp-container-core-columns-is-layout-55d4f671 wp-block-columns-is-layout-flex\" style=\"margin-top:var(--wp--preset--spacing--60);margin-bottom:var(--wp--preset--spacing--60);padding-top:0;padding-right:0;padding-bottom:0;padding-left:0\">\n<div class=\"wp-block-column is-layout-flow wp-block-column-is-layout-flow\">\n<div class=\"wp-block-columns is-layout-flex wp-container-core-columns-is-layout-983c8176 wp-block-columns-is-layout-flex\" style=\"padding-top:var(--wp--preset--spacing--20);padding-right:0;padding-bottom:var(--wp--preset--spacing--20);padding-left:0\">\n<div class=\"wp-block-column is-layout-flow wp-block-column-is-layout-flow\" style=\"padding-right:0;padding-left:0\">\n<div class=\"wp-block-cover\"><img loading=\"lazy\" decoding=\"async\" width=\"544\" height=\"384\" class=\"wp-block-cover__image-background wp-image-257\" alt=\"\" src=\"https:\/\/nicolekochheim.de\/wp-content\/uploads\/2026\/02\/IMG_6350-e1770638520909.jpg\" data-object-fit=\"cover\" srcset=\"https:\/\/nicolekochheim.de\/wp-content\/uploads\/2026\/02\/IMG_6350-e1770638520909.jpg 544w, https:\/\/nicolekochheim.de\/wp-content\/uploads\/2026\/02\/IMG_6350-e1770638520909-400x282.jpg 400w\" sizes=\"auto, (max-width: 544px) 100vw, 544px\" \/><span aria-hidden=\"true\" class=\"wp-block-cover__background has-background-dim\"><\/span><div class=\"wp-block-cover__inner-container is-layout-flow wp-block-cover-is-layout-flow\">\n<p class=\"has-text-align-center has-ast-global-color-3-color has-text-color has-link-color has-medium-font-size wp-elements-07e7fe62b464a46306376fc149732431\">Platzhalter<\/p>\n<\/div><\/div>\n\n\n\n<h3 class=\"wp-block-heading\">Austellungsort <\/h3>\n\n\n\n<p>Adresse<br>Website<br>\u00d6ffnungszeiten<\/p>\n<\/div>\n<\/div>\n<\/div>\n\n\n\n<div class=\"wp-block-column is-layout-flow wp-block-column-is-layout-flow\">\n<div class=\"wp-block-columns is-layout-flex wp-container-core-columns-is-layout-983c8176 wp-block-columns-is-layout-flex\" style=\"padding-top:var(--wp--preset--spacing--20);padding-right:0;padding-bottom:var(--wp--preset--spacing--20);padding-left:0\">\n<div class=\"wp-block-column is-layout-flow wp-block-column-is-layout-flow\" style=\"padding-right:0;padding-left:0\">\n<div class=\"wp-block-cover\"><img loading=\"lazy\" decoding=\"async\" width=\"544\" height=\"384\" class=\"wp-block-cover__image-background wp-image-257\" alt=\"\" src=\"https:\/\/nicolekochheim.de\/wp-content\/uploads\/2026\/02\/IMG_6350-e1770638520909.jpg\" data-object-fit=\"cover\" srcset=\"https:\/\/nicolekochheim.de\/wp-content\/uploads\/2026\/02\/IMG_6350-e1770638520909.jpg 544w, https:\/\/nicolekochheim.de\/wp-content\/uploads\/2026\/02\/IMG_6350-e1770638520909-400x282.jpg 400w\" sizes=\"auto, (max-width: 544px) 100vw, 544px\" \/><span aria-hidden=\"true\" class=\"wp-block-cover__background has-background-dim\"><\/span><div class=\"wp-block-cover__inner-container is-layout-flow wp-block-cover-is-layout-flow\">\n<p class=\"has-text-align-center has-ast-global-color-3-color has-text-color has-link-color has-medium-font-size wp-elements-07e7fe62b464a46306376fc149732431\">Platzhalter<\/p>\n<\/div><\/div>\n\n\n\n<h3 class=\"wp-block-heading\">Austellungsort <\/h3>\n\n\n\n<p>Adresse<br>Website<br>\u00d6ffnungszeiten<\/p>\n<\/div>\n<\/div>\n<\/div>\n<\/div>\n\n\n\n<div class=\"wp-block-buttons is-content-justification-center is-layout-flex wp-container-core-buttons-is-layout-48d0e691 wp-block-buttons-is-layout-flex\" style=\"margin-top:var(--wp--preset--spacing--60);margin-bottom:var(--wp--preset--spacing--60)\">\n<div class=\"wp-block-button\"><a class=\"wp-block-button__link wp-element-button\" href=\"https:\/\/nicolekochheim.de\/?page_id=35\">KONTAKT<\/a><\/div>\n<\/div>\n","protected":false},"excerpt":{"rendered":"<p>AUSSTELLUNGEN KUNSTKATE Eulenkrugstra\u00dfe 60-6422359 Hamburghttps:\/\/kunst-kate-volksdorf.de\/katenladen\u00d6ffnungszeiten der Galerie:Mi-Fr: 13-18 Uhr, Sa: 12-14 Uhr ISEMARKT Kunststand auf dem Ise-\/WochenmarktIsestra\u00dfe (zwischen U-Hoheluftbr\u00fccke und [&hellip;]<\/p>\n","protected":false},"author":1,"featured_media":0,"parent":0,"menu_order":0,"comment_status":"closed","ping_status":"closed","template":"","meta":{"site-sidebar-layout":"default","site-content-layout":"","ast-site-content-layout":"default","site-content-style":"default","site-sidebar-style":"default","ast-global-header-display":"","ast-banner-title-visibility":"","ast-main-header-display":"","ast-hfb-above-header-display":"","ast-hfb-below-header-display":"","ast-hfb-mobile-header-display":"","site-post-title":"disabled","ast-breadcrumbs-content":"","ast-featured-img":"","footer-sml-layout":"","ast-disable-related-posts":"","theme-transparent-header-meta":"","adv-header-id-meta":"","stick-header-meta":"","header-above-stick-meta":"","header-main-stick-meta":"","header-below-stick-meta":"","astra-migrate-meta-layouts":"default","ast-page-background-enabled":"default","ast-page-background-meta":{"desktop":{"background-color":"var(--ast-global-color-5)","background-image":"","background-repeat":"repeat","background-position":"center center","background-size":"auto","background-attachment":"scroll","background-type":"","background-media":"","overlay-type":"","overlay-color":"","overlay-opacity":"","overlay-gradient":""},"tablet":{"background-color":"","background-image":"","background-repeat":"repeat","background-position":"center center","background-size":"auto","background-attachment":"scroll","background-type":"","background-media":"","overlay-type":"","overlay-color":"","overlay-opacity":"","overlay-gradient":""},"mobile":{"background-color":"","background-image":"","background-repeat":"repeat","background-position":"center center","background-size":"auto","background-attachment":"scroll","background-type":"","background-media":"","overlay-type":"","overlay-color":"","overlay-opacity":"","overlay-gradient":""}},"ast-content-background-meta":{"desktop":{"background-color":"var(--ast-global-color-4)","background-image":"","background-repeat":"repeat","background-position":"center center","background-size":"auto","background-attachment":"scroll","background-type":"","background-media":"","overlay-type":"","overlay-color":"","overlay-opacity":"","overlay-gradient":""},"tablet":{"background-color":"var(--ast-global-color-4)","background-image":"","background-repeat":"repeat","background-position":"center center","background-size":"auto","background-attachment":"scroll","background-type":"","background-media":"","overlay-type":"","overlay-color":"","overlay-opacity":"","overlay-gradient":""},"mobile":{"background-color":"var(--ast-global-color-4)","background-image":"","background-repeat":"repeat","background-position":"center center","background-size":"auto","background-attachment":"scroll","background-type":"","background-media":"","overlay-type":"","overlay-color":"","overlay-opacity":"","overlay-gradient":""}},"footnotes":""},"class_list":["post-236","page","type-page","status-publish","hentry"],"yoast_head":"<!-- This site is optimized with the Yoast SEO plugin v26.9 - https:\/\/yoast.com\/product\/yoast-seo-wordpress\/ -->\n<title>AUSSTELLUNGEN - nicolekochheim.de<\/title>\n<meta name=\"description\" content=\"Ausstellungsbeteiligungen gibt es z.B. in der KunstKate Volksdorf in Hamburg. Dort werden u.a. Malereien und kunsthandwerkliche Arbeiten pr\u00e4sentiert.\" \/>\n<meta name=\"robots\" content=\"index, follow, max-snippet:-1, max-image-preview:large, max-video-preview:-1\" \/>\n<link rel=\"canonical\" href=\"https:\/\/nicolekochheim.de\/?page_id=236\" \/>\n<meta property=\"og:locale\" content=\"de_DE\" \/>\n<meta property=\"og:type\" content=\"article\" \/>\n<meta property=\"og:title\" content=\"AUSSTELLUNGEN - nicolekochheim.de\" \/>\n<meta property=\"og:description\" content=\"Ausstellungsbeteiligungen gibt es z.B. in der KunstKate Volksdorf in Hamburg. Dort werden u.a. Malereien und kunsthandwerkliche Arbeiten pr\u00e4sentiert.\" \/>\n<meta property=\"og:url\" content=\"https:\/\/nicolekochheim.de\/?page_id=236\" \/>\n<meta property=\"og:site_name\" content=\"nicolekochheim.de\" \/>\n<meta property=\"article:modified_time\" content=\"2026-02-11T22:50:17+00:00\" \/>\n<meta property=\"og:image\" content=\"https:\/\/nicolekochheim.de\/wp-content\/uploads\/2026\/02\/kunstkate.jpeg\" \/>\n\t<meta property=\"og:image:width\" content=\"567\" \/>\n\t<meta property=\"og:image:height\" content=\"567\" \/>\n\t<meta property=\"og:image:type\" content=\"image\/jpeg\" \/>\n<meta name=\"twitter:card\" content=\"summary_large_image\" \/>\n<meta name=\"twitter:label1\" content=\"Gesch\u00e4tzte Lesezeit\" \/>\n\t<meta name=\"twitter:data1\" content=\"2\u00a0Minuten\" \/>\n<script type=\"application\/ld+json\" class=\"yoast-schema-graph\">{\"@context\":\"https:\/\/schema.org\",\"@graph\":[{\"@type\":\"WebPage\",\"@id\":\"https:\/\/nicolekochheim.de\/?page_id=236\",\"url\":\"https:\/\/nicolekochheim.de\/?page_id=236\",\"name\":\"AUSSTELLUNGEN - nicolekochheim.de\",\"isPartOf\":{\"@id\":\"https:\/\/nicolekochheim.de\/#website\"},\"primaryImageOfPage\":{\"@id\":\"https:\/\/nicolekochheim.de\/?page_id=236#primaryimage\"},\"image\":{\"@id\":\"https:\/\/nicolekochheim.de\/?page_id=236#primaryimage\"},\"thumbnailUrl\":\"https:\/\/nicolekochheim.de\/wp-content\/uploads\/2026\/02\/kunstkate.jpeg\",\"datePublished\":\"2026-02-09T09:45:07+00:00\",\"dateModified\":\"2026-02-11T22:50:17+00:00\",\"description\":\"Ausstellungsbeteiligungen gibt es z.B. in der KunstKate Volksdorf in Hamburg. Dort werden u.a. Malereien und kunsthandwerkliche Arbeiten pr\u00e4sentiert.\",\"breadcrumb\":{\"@id\":\"https:\/\/nicolekochheim.de\/?page_id=236#breadcrumb\"},\"inLanguage\":\"de\",\"potentialAction\":[{\"@type\":\"ReadAction\",\"target\":[\"https:\/\/nicolekochheim.de\/?page_id=236\"]}]},{\"@type\":\"ImageObject\",\"inLanguage\":\"de\",\"@id\":\"https:\/\/nicolekochheim.de\/?page_id=236#primaryimage\",\"url\":\"https:\/\/nicolekochheim.de\/wp-content\/uploads\/2026\/02\/kunstkate.jpeg\",\"contentUrl\":\"https:\/\/nicolekochheim.de\/wp-content\/uploads\/2026\/02\/kunstkate.jpeg\",\"width\":567,\"height\":567},{\"@type\":\"BreadcrumbList\",\"@id\":\"https:\/\/nicolekochheim.de\/?page_id=236#breadcrumb\",\"itemListElement\":[{\"@type\":\"ListItem\",\"position\":1,\"name\":\"Start\",\"item\":\"https:\/\/nicolekochheim.de\/\"},{\"@type\":\"ListItem\",\"position\":2,\"name\":\"AUSSTELLUNGEN\"}]},{\"@type\":\"WebSite\",\"@id\":\"https:\/\/nicolekochheim.de\/#website\",\"url\":\"https:\/\/nicolekochheim.de\/\",\"name\":\"nicolekochheim.de\",\"description\":\"\",\"publisher\":{\"@id\":\"https:\/\/nicolekochheim.de\/#organization\"},\"potentialAction\":[{\"@type\":\"SearchAction\",\"target\":{\"@type\":\"EntryPoint\",\"urlTemplate\":\"https:\/\/nicolekochheim.de\/?s={search_term_string}\"},\"query-input\":{\"@type\":\"PropertyValueSpecification\",\"valueRequired\":true,\"valueName\":\"search_term_string\"}}],\"inLanguage\":\"de\"},{\"@type\":\"Organization\",\"@id\":\"https:\/\/nicolekochheim.de\/#organization\",\"name\":\"nicolekochheim.de\",\"url\":\"https:\/\/nicolekochheim.de\/\",\"logo\":{\"@type\":\"ImageObject\",\"inLanguage\":\"de\",\"@id\":\"https:\/\/nicolekochheim.de\/#\/schema\/logo\/image\/\",\"url\":\"https:\/\/nicolekochheim.de\/wp-content\/uploads\/2026\/02\/cropped-NiKo.jpg\",\"contentUrl\":\"https:\/\/nicolekochheim.de\/wp-content\/uploads\/2026\/02\/cropped-NiKo.jpg\",\"width\":618,\"height\":302,\"caption\":\"nicolekochheim.de\"},\"image\":{\"@id\":\"https:\/\/nicolekochheim.de\/#\/schema\/logo\/image\/\"}}]}<\/script>\n<!-- \/ Yoast SEO plugin. -->","yoast_head_json":{"title":"AUSSTELLUNGEN - nicolekochheim.de","description":"Ausstellungsbeteiligungen gibt es z.B. in der KunstKate Volksdorf in Hamburg. Dort werden u.a. Malereien und kunsthandwerkliche Arbeiten pr\u00e4sentiert.","robots":{"index":"index","follow":"follow","max-snippet":"max-snippet:-1","max-image-preview":"max-image-preview:large","max-video-preview":"max-video-preview:-1"},"canonical":"https:\/\/nicolekochheim.de\/?page_id=236","og_locale":"de_DE","og_type":"article","og_title":"AUSSTELLUNGEN - nicolekochheim.de","og_description":"Ausstellungsbeteiligungen gibt es z.B. in der KunstKate Volksdorf in Hamburg. Dort werden u.a. Malereien und kunsthandwerkliche Arbeiten pr\u00e4sentiert.","og_url":"https:\/\/nicolekochheim.de\/?page_id=236","og_site_name":"nicolekochheim.de","article_modified_time":"2026-02-11T22:50:17+00:00","og_image":[{"width":567,"height":567,"url":"https:\/\/nicolekochheim.de\/wp-content\/uploads\/2026\/02\/kunstkate.jpeg","type":"image\/jpeg"}],"twitter_card":"summary_large_image","twitter_misc":{"Gesch\u00e4tzte Lesezeit":"2\u00a0Minuten"},"schema":{"@context":"https:\/\/schema.org","@graph":[{"@type":"WebPage","@id":"https:\/\/nicolekochheim.de\/?page_id=236","url":"https:\/\/nicolekochheim.de\/?page_id=236","name":"AUSSTELLUNGEN - nicolekochheim.de","isPartOf":{"@id":"https:\/\/nicolekochheim.de\/#website"},"primaryImageOfPage":{"@id":"https:\/\/nicolekochheim.de\/?page_id=236#primaryimage"},"image":{"@id":"https:\/\/nicolekochheim.de\/?page_id=236#primaryimage"},"thumbnailUrl":"https:\/\/nicolekochheim.de\/wp-content\/uploads\/2026\/02\/kunstkate.jpeg","datePublished":"2026-02-09T09:45:07+00:00","dateModified":"2026-02-11T22:50:17+00:00","description":"Ausstellungsbeteiligungen gibt es z.B. in der KunstKate Volksdorf in Hamburg. Dort werden u.a. Malereien und kunsthandwerkliche Arbeiten pr\u00e4sentiert.","breadcrumb":{"@id":"https:\/\/nicolekochheim.de\/?page_id=236#breadcrumb"},"inLanguage":"de","potentialAction":[{"@type":"ReadAction","target":["https:\/\/nicolekochheim.de\/?page_id=236"]}]},{"@type":"ImageObject","inLanguage":"de","@id":"https:\/\/nicolekochheim.de\/?page_id=236#primaryimage","url":"https:\/\/nicolekochheim.de\/wp-content\/uploads\/2026\/02\/kunstkate.jpeg","contentUrl":"https:\/\/nicolekochheim.de\/wp-content\/uploads\/2026\/02\/kunstkate.jpeg","width":567,"height":567},{"@type":"BreadcrumbList","@id":"https:\/\/nicolekochheim.de\/?page_id=236#breadcrumb","itemListElement":[{"@type":"ListItem","position":1,"name":"Start","item":"https:\/\/nicolekochheim.de\/"},{"@type":"ListItem","position":2,"name":"AUSSTELLUNGEN"}]},{"@type":"WebSite","@id":"https:\/\/nicolekochheim.de\/#website","url":"https:\/\/nicolekochheim.de\/","name":"nicolekochheim.de","description":"","publisher":{"@id":"https:\/\/nicolekochheim.de\/#organization"},"potentialAction":[{"@type":"SearchAction","target":{"@type":"EntryPoint","urlTemplate":"https:\/\/nicolekochheim.de\/?s={search_term_string}"},"query-input":{"@type":"PropertyValueSpecification","valueRequired":true,"valueName":"search_term_string"}}],"inLanguage":"de"},{"@type":"Organization","@id":"https:\/\/nicolekochheim.de\/#organization","name":"nicolekochheim.de","url":"https:\/\/nicolekochheim.de\/","logo":{"@type":"ImageObject","inLanguage":"de","@id":"https:\/\/nicolekochheim.de\/#\/schema\/logo\/image\/","url":"https:\/\/nicolekochheim.de\/wp-content\/uploads\/2026\/02\/cropped-NiKo.jpg","contentUrl":"https:\/\/nicolekochheim.de\/wp-content\/uploads\/2026\/02\/cropped-NiKo.jpg","width":618,"height":302,"caption":"nicolekochheim.de"},"image":{"@id":"https:\/\/nicolekochheim.de\/#\/schema\/logo\/image\/"}}]}},"_links":{"self":[{"href":"https:\/\/nicolekochheim.de\/index.php?rest_route=\/wp\/v2\/pages\/236","targetHints":{"allow":["GET"]}}],"collection":[{"href":"https:\/\/nicolekochheim.de\/index.php?rest_route=\/wp\/v2\/pages"}],"about":[{"href":"https:\/\/nicolekochheim.de\/index.php?rest_route=\/wp\/v2\/types\/page"}],"author":[{"embeddable":true,"href":"https:\/\/nicolekochheim.de\/index.php?rest_route=\/wp\/v2\/users\/1"}],"replies":[{"embeddable":true,"href":"https:\/\/nicolekochheim.de\/index.php?rest_route=%2Fwp%2Fv2%2Fcomments&post=236"}],"version-history":[{"count":16,"href":"https:\/\/nicolekochheim.de\/index.php?rest_route=\/wp\/v2\/pages\/236\/revisions"}],"predecessor-version":[{"id":562,"href":"https:\/\/nicolekochheim.de\/index.php?rest_route=\/wp\/v2\/pages\/236\/revisions\/562"}],"wp:attachment":[{"href":"https:\/\/nicolekochheim.de\/index.php?rest_route=%2Fwp%2Fv2%2Fmedia&parent=236"}],"curies":[{"name":"wp","href":"https:\/\/api.w.org\/{rel}","templated":true}]}}